{"id":28,"date":"2025-11-15T19:25:49","date_gmt":"2025-11-15T19:25:49","guid":{"rendered":"https:\/\/aipingenieros.com\/?page_id=28"},"modified":"2025-11-25T19:46:46","modified_gmt":"2025-11-25T19:46:46","slug":"contacto","status":"publish","type":"page","link":"https:\/\/aipingenieros.com\/index.php\/contacto\/","title":{"rendered":"Contacto"},"content":{"rendered":"\t\t<div data-elementor-type=\"wp-page\" data-elementor-id=\"28\" class=\"elementor elementor-28\" data-elementor-post-type=\"page\">\n\t\t\t\t<div class=\"elementor-element elementor-element-d1e21b1 e-con-full e-flex e-con e-parent\" data-id=\"d1e21b1\" data-element_type=\"container\" data-settings=\"{&quot;background_background&quot;:&quot;classic&quot;,&quot;shape_divider_bottom&quot;:&quot;tilt&quot;}\">\n\t\t\t\t<div class=\"elementor-shape elementor-shape-bottom\" aria-hidden=\"true\" data-negative=\"false\">\n\t\t\t<svg xmlns=\"http:\/\/www.w3.org\/2000\/svg\" viewBox=\"0 0 1000 100\" preserveAspectRatio=\"none\">\n\t<path class=\"elementor-shape-fill\" d=\"M0,6V0h1000v100L0,6z\"\/>\n<\/svg>\t\t<\/div>\n\t\t<div class=\"elementor-element elementor-element-054c903 e-con-full e-flex e-con e-child\" data-id=\"054c903\" data-element_type=\"container\">\n\t\t\t\t<div class=\"elementor-element elementor-element-2a5ea74 elementor-widget-mobile__width-initial elementor-widget elementor-widget-heading\" data-id=\"2a5ea74\" data-element_type=\"widget\" data-widget_type=\"heading.default\">\n\t\t\t\t\t<h4 class=\"elementor-heading-title elementor-size-default\">Contacto<\/h4>\t\t\t\t<\/div>\n\t\t\t\t<div class=\"elementor-element elementor-element-994db84 elementor-widget__width-initial elementor-widget-mobile__width-initial elementor-widget elementor-widget-heading\" data-id=\"994db84\" data-element_type=\"widget\" data-widget_type=\"heading.default\">\n\t\t\t\t\t<h1 class=\"elementor-heading-title elementor-size-default\">Nuestro equipo \nest\u00e1 preparado para trazar la ruta  m\u00e1s eficiente para su empresa<\/h1>\t\t\t\t<\/div>\n\t\t\t\t<div class=\"elementor-element elementor-element-983951d elementor-widget__width-initial elementor-widget-mobile__width-initial elementor-widget elementor-widget-text-editor\" data-id=\"983951d\" data-element_type=\"widget\" data-widget_type=\"text-editor.default\">\n\t\t\t\t\t\t\t\t\t<p>Inicie su Proyecto con Precisi\u00f3n y Solvencia<\/p>\t\t\t\t\t\t\t\t<\/div>\n\t\t<div class=\"elementor-element elementor-element-977d7a5 e-con-full e-flex e-con e-child\" data-id=\"977d7a5\" data-element_type=\"container\">\n\t\t\t\t<div class=\"elementor-element elementor-element-f593cd4 elementor-widget elementor-widget-button\" data-id=\"f593cd4\" data-element_type=\"widget\" data-widget_type=\"button.default\">\n\t\t\t\t\t\t\t\t\t\t<a class=\"elementor-button elementor-button-link elementor-size-sm\" href=\"#Form2\">\n\t\t\t\t\t\t<span class=\"elementor-button-content-wrapper\">\n\t\t\t\t\t\t\t\t\t<span class=\"elementor-button-text\">Contactar<\/span>\n\t\t\t\t\t<\/span>\n\t\t\t\t\t<\/a>\n\t\t\t\t\t\t\t\t<\/div>\n\t\t\t\t<\/div>\n\t\t\t\t<\/div>\n\t\t\t\t<\/div>\n\t\t<div class=\"elementor-element elementor-element-4699ec8 e-flex e-con-boxed e-con e-parent\" data-id=\"4699ec8\" data-element_type=\"container\" data-settings=\"{&quot;background_background&quot;:&quot;classic&quot;}\">\n\t\t\t\t\t<div class=\"e-con-inner\">\n\t\t<div class=\"elementor-element elementor-element-0d46d0b e-con-full e-flex e-con e-child\" data-id=\"0d46d0b\" data-element_type=\"container\" data-settings=\"{&quot;background_background&quot;:&quot;classic&quot;}\">\n\t\t\t\t<div class=\"elementor-element elementor-element-a44b6eb elementor-widget elementor-widget-image\" data-id=\"a44b6eb\" data-element_type=\"widget\" data-widget_type=\"image.default\">\n\t\t\t\t\t\t\t\t\t\t\t\t\t\t\t<img fetchpriority=\"high\" decoding=\"async\" width=\"800\" height=\"485\" src=\"https:\/\/aipingenieros.com\/wp-content\/uploads\/2025\/11\/Ingeniero-civil-ingenieria-civil-estudiar-ingenieria-civil.png\" class=\"attachment-large size-large wp-image-578\" alt=\"\" srcset=\"https:\/\/aipingenieros.com\/wp-content\/uploads\/2025\/11\/Ingeniero-civil-ingenieria-civil-estudiar-ingenieria-civil.png 981w, https:\/\/aipingenieros.com\/wp-content\/uploads\/2025\/11\/Ingeniero-civil-ingenieria-civil-estudiar-ingenieria-civil-300x182.png 300w, https:\/\/aipingenieros.com\/wp-content\/uploads\/2025\/11\/Ingeniero-civil-ingenieria-civil-estudiar-ingenieria-civil-768x466.png 768w\" sizes=\"(max-width: 800px) 100vw, 800px\" \/>\t\t\t\t\t\t\t\t\t\t\t\t\t\t\t<\/div>\n\t\t\t\t<\/div>\n\t\t<div class=\"elementor-element elementor-element-fa47436 e-con-full e-flex e-con e-child\" data-id=\"fa47436\" data-element_type=\"container\" data-settings=\"{&quot;background_background&quot;:&quot;classic&quot;}\">\n\t\t<div class=\"elementor-element elementor-element-a9ed012 e-con-full e-flex e-con e-child\" data-id=\"a9ed012\" data-element_type=\"container\">\n\t\t\t\t<div class=\"elementor-element elementor-element-9263a7b elementor-widget elementor-widget-heading\" data-id=\"9263a7b\" data-element_type=\"widget\" data-widget_type=\"heading.default\">\n\t\t\t\t\t<h6 class=\"elementor-heading-title elementor-size-default\">\u00bfListo para el Pr\u00f3ximo Paso?<\/h6>\t\t\t\t<\/div>\n\t\t\t\t<div class=\"elementor-element elementor-element-6ab2448 elementor-widget elementor-widget-heading\" data-id=\"6ab2448\" data-element_type=\"widget\" data-widget_type=\"heading.default\">\n\t\t\t\t\t<h2 class=\"elementor-heading-title elementor-size-default\">Conectemos y Dise\u00f1emos su <span style=\"color: #AD1C1C\">Soluci\u00f3n Industrial<\/span><\/h2>\t\t\t\t<\/div>\n\t\t\t\t<div class=\"elementor-element elementor-element-1bb219c elementor-widget__width-initial elementor-widget elementor-widget-text-editor\" data-id=\"1bb219c\" data-element_type=\"widget\" data-widget_type=\"text-editor.default\">\n\t\t\t\t\t\t\t\t\t<p>Deje de lado la incertidumbre y ponga sus desaf\u00edos en manos expertas. Nuestros Ingenieros est\u00e1 listo para aplicar un diagn\u00f3stico t\u00e9cnico y trazar la hoja de ruta m\u00e1s eficiente que garantiza el \u00e9xito de su empresa.<\/p>\t\t\t\t\t\t\t\t<\/div>\n\t\t\t\t<\/div>\n\t\t<div class=\"elementor-element elementor-element-81b7d02 e-con-full e-flex e-con e-child\" data-id=\"81b7d02\" data-element_type=\"container\">\n\t\t<div class=\"elementor-element elementor-element-a1f0b85 e-con-full e-flex e-con e-child\" data-id=\"a1f0b85\" data-element_type=\"container\" data-settings=\"{&quot;background_background&quot;:&quot;classic&quot;}\">\n\t\t\t\t<div class=\"elementor-element elementor-element-2143117 elementor-view-default elementor-widget elementor-widget-icon\" data-id=\"2143117\" data-element_type=\"widget\" data-widget_type=\"icon.default\">\n\t\t\t\t\t\t\t<div class=\"elementor-icon-wrapper\">\n\t\t\t<div class=\"elementor-icon\">\n\t\t\t<svg aria-hidden=\"true\" class=\"e-font-icon-svg e-fas-phone-alt\" viewBox=\"0 0 512 512\" xmlns=\"http:\/\/www.w3.org\/2000\/svg\"><path d=\"M497.39 361.8l-112-48a24 24 0 0 0-28 6.9l-49.6 60.6A370.66 370.66 0 0 1 130.6 204.11l60.6-49.6a23.94 23.94 0 0 0 6.9-28l-48-112A24.16 24.16 0 0 0 122.6.61l-104 24A24 24 0 0 0 0 48c0 256.5 207.9 464 464 464a24 24 0 0 0 23.4-18.6l24-104a24.29 24.29 0 0 0-14.01-27.6z\"><\/path><\/svg>\t\t\t<\/div>\n\t\t<\/div>\n\t\t\t\t\t\t<\/div>\n\t\t\t\t<div class=\"elementor-element elementor-element-cf30304 elementor-widget elementor-widget-heading\" data-id=\"cf30304\" data-element_type=\"widget\" data-widget_type=\"heading.default\">\n\t\t\t\t\t<h6 class=\"elementor-heading-title elementor-size-default\">Contactanos<br>\n<span style=\"color: #AD1C1C\">+212-946-2707<\/span><\/h6>\t\t\t\t<\/div>\n\t\t\t\t<\/div>\n\t\t<div class=\"elementor-element elementor-element-19ac1de e-con-full e-flex e-con e-child\" data-id=\"19ac1de\" data-element_type=\"container\" data-settings=\"{&quot;background_background&quot;:&quot;classic&quot;}\">\n\t\t\t\t<div class=\"elementor-element elementor-element-5d6edc8 elementor-view-default elementor-widget elementor-widget-icon\" data-id=\"5d6edc8\" data-element_type=\"widget\" data-widget_type=\"icon.default\">\n\t\t\t\t\t\t\t<div class=\"elementor-icon-wrapper\">\n\t\t\t<div class=\"elementor-icon\">\n\t\t\t<svg aria-hidden=\"true\" class=\"e-font-icon-svg e-far-envelope\" viewBox=\"0 0 512 512\" xmlns=\"http:\/\/www.w3.org\/2000\/svg\"><path d=\"M464 64H48C21.49 64 0 85.49 0 112v288c0 26.51 21.49 48 48 48h416c26.51 0 48-21.49 48-48V112c0-26.51-21.49-48-48-48zm0 48v40.805c-22.422 18.259-58.168 46.651-134.587 106.49-16.841 13.247-50.201 45.072-73.413 44.701-23.208.375-56.579-31.459-73.413-44.701C106.18 199.465 70.425 171.067 48 152.805V112h416zM48 400V214.398c22.914 18.251 55.409 43.862 104.938 82.646 21.857 17.205 60.134 55.186 103.062 54.955 42.717.231 80.509-37.199 103.053-54.947 49.528-38.783 82.032-64.401 104.947-82.653V400H48z\"><\/path><\/svg>\t\t\t<\/div>\n\t\t<\/div>\n\t\t\t\t\t\t<\/div>\n\t\t\t\t<div class=\"elementor-element elementor-element-8c0bc19 elementor-widget elementor-widget-heading\" data-id=\"8c0bc19\" data-element_type=\"widget\" data-widget_type=\"heading.default\">\n\t\t\t\t\t<h6 class=\"elementor-heading-title elementor-size-default\">Nuestro Email<br>\n<span style=\"color: #AD1C1C\">aipejemplo@gmail.com<\/span><\/h6>\t\t\t\t<\/div>\n\t\t\t\t<\/div>\n\t\t\t\t<\/div>\n\t\t\t\t<div class=\"elementor-element elementor-element-0393f0d elementor-widget elementor-widget-button\" data-id=\"0393f0d\" data-element_type=\"widget\" data-widget_type=\"button.default\">\n\t\t\t\t\t\t\t\t\t\t<a class=\"elementor-button elementor-button-link elementor-size-sm\" href=\"#Form2\">\n\t\t\t\t\t\t<span class=\"elementor-button-content-wrapper\">\n\t\t\t\t\t\t\t\t\t<span class=\"elementor-button-text\">Contactanos <\/span>\n\t\t\t\t\t<\/span>\n\t\t\t\t\t<\/a>\n\t\t\t\t\t\t\t\t<\/div>\n\t\t\t\t<\/div>\n\t\t\t\t\t<\/div>\n\t\t\t\t<\/div>\n\t\t<div class=\"elementor-element elementor-element-58efd7d e-flex e-con-boxed e-con e-parent\" data-id=\"58efd7d\" data-element_type=\"container\" data-settings=\"{&quot;background_background&quot;:&quot;classic&quot;}\">\n\t\t\t\t\t<div class=\"e-con-inner\">\n\t\t<div class=\"elementor-element elementor-element-22c864c e-con-full e-flex e-con e-child\" data-id=\"22c864c\" data-element_type=\"container\">\n\t\t\t\t<div class=\"elementor-element elementor-element-277f503 elementor-widget elementor-widget-heading\" data-id=\"277f503\" data-element_type=\"widget\" data-widget_type=\"heading.default\">\n\t\t\t\t\t<h2 class=\"elementor-heading-title elementor-size-default\">Como Ubicarnos<\/h2>\t\t\t\t<\/div>\n\t\t\t\t<div class=\"elementor-element elementor-element-8d2fefa elementor-widget elementor-widget-google_maps\" data-id=\"8d2fefa\" data-element_type=\"widget\" data-widget_type=\"google_maps.default\">\n\t\t\t\t\t\t\t<div class=\"elementor-custom-embed\">\n\t\t\t<iframe loading=\"lazy\"\n\t\t\t\t\tsrc=\"https:\/\/maps.google.com\/maps?q=zaragoza&#038;t=m&#038;z=10&#038;output=embed&#038;iwloc=near\"\n\t\t\t\t\ttitle=\"zaragoza\"\n\t\t\t\t\taria-label=\"zaragoza\"\n\t\t\t><\/iframe>\n\t\t<\/div>\n\t\t\t\t\t\t<\/div>\n\t\t\t\t<\/div>\n\t\t<div class=\"elementor-element elementor-element-4c91cc6 e-con-full e-flex e-con e-child\" data-id=\"4c91cc6\" data-element_type=\"container\" id=\"Form2\" data-settings=\"{&quot;background_background&quot;:&quot;classic&quot;}\">\n\t\t\t\t<div class=\"elementor-element elementor-element-76c4588 elementor-widget elementor-widget-heading\" data-id=\"76c4588\" data-element_type=\"widget\" data-widget_type=\"heading.default\">\n\t\t\t\t\t<h6 class=\"elementor-heading-title elementor-size-default\">Diagn\u00f3stico Inmediato empecemos a ejecutar<\/h6>\t\t\t\t<\/div>\n\t\t\t\t<div class=\"elementor-element elementor-element-bf3361d elementor-widget elementor-widget-text-editor\" data-id=\"bf3361d\" data-element_type=\"widget\" data-widget_type=\"text-editor.default\">\n\t\t\t\t\t\t\t\t\t<p><strong>AIP Ingenieros es su socio t\u00e9cnico especializado\u00a0 cu\u00e9ntenos su desaf\u00edo y obtenga una ruta clara\u00a0<\/strong><\/p>\t\t\t\t\t\t\t\t<\/div>\n\t\t\t\t<div class=\"elementor-element elementor-element-c069c28 elementor-button-align-center elementor-widget__width-initial elementor-widget-mobile__width-initial elementor-widget elementor-widget-form\" data-id=\"c069c28\" data-element_type=\"widget\" data-settings=\"{&quot;step_next_label&quot;:&quot;Next&quot;,&quot;step_previous_label&quot;:&quot;Previous&quot;,&quot;button_width&quot;:&quot;100&quot;,&quot;step_type&quot;:&quot;number_text&quot;,&quot;step_icon_shape&quot;:&quot;circle&quot;}\" data-widget_type=\"form.default\">\n\t\t\t\t\t\t\t<form class=\"elementor-form\" method=\"post\" name=\"New Form\" aria-label=\"New Form\">\n\t\t\t<input type=\"hidden\" name=\"post_id\" value=\"28\"\/>\n\t\t\t<input type=\"hidden\" name=\"form_id\" value=\"c069c28\"\/>\n\t\t\t<input type=\"hidden\" name=\"referer_title\" value=\"Contacto - AIP Ingenieros\" \/>\n\n\t\t\t\t\t\t\t<input type=\"hidden\" name=\"queried_id\" value=\"28\"\/>\n\t\t\t\n\t\t\t<div class=\"elementor-form-fields-wrapper elementor-labels-above\">\n\t\t\t\t\t\t\t\t<div class=\"elementor-field-type-text elementor-field-group elementor-column elementor-field-group-name elementor-col-100\">\n\t\t\t\t\t\t\t\t\t\t\t\t<label for=\"form-field-name\" class=\"elementor-field-label\">\n\t\t\t\t\t\t\t\tNombre\t\t\t\t\t\t\t<\/label>\n\t\t\t\t\t\t\t\t\t\t\t\t\t\t<input size=\"1\" type=\"text\" name=\"form_fields[name]\" id=\"form-field-name\" class=\"elementor-field elementor-size-sm  elementor-field-textual\" placeholder=\"Nombre\">\n\t\t\t\t\t\t\t\t\t\t\t<\/div>\n\t\t\t\t\t\t\t\t<div class=\"elementor-field-type-email elementor-field-group elementor-column elementor-field-group-email elementor-col-100 elementor-field-required\">\n\t\t\t\t\t\t\t\t\t\t\t\t<label for=\"form-field-email\" class=\"elementor-field-label\">\n\t\t\t\t\t\t\t\tCorreo\t\t\t\t\t\t\t<\/label>\n\t\t\t\t\t\t\t\t\t\t\t\t\t\t<input size=\"1\" type=\"email\" name=\"form_fields[email]\" id=\"form-field-email\" class=\"elementor-field elementor-size-sm  elementor-field-textual\" placeholder=\"Correo\" required=\"required\">\n\t\t\t\t\t\t\t\t\t\t\t<\/div>\n\t\t\t\t\t\t\t\t<div class=\"elementor-field-type-textarea elementor-field-group elementor-column elementor-field-group-message elementor-col-100\">\n\t\t\t\t\t\t\t\t\t\t\t\t<label for=\"form-field-message\" class=\"elementor-field-label\">\n\t\t\t\t\t\t\t\tMensaje\t\t\t\t\t\t\t<\/label>\n\t\t\t\t\t\t<textarea class=\"elementor-field-textual elementor-field  elementor-size-sm\" name=\"form_fields[message]\" id=\"form-field-message\" rows=\"4\" placeholder=\"Mensaje\"><\/textarea>\t\t\t\t<\/div>\n\t\t\t\t\t\t\t\t<div class=\"elementor-field-group elementor-column elementor-field-type-submit elementor-col-100 e-form__buttons\">\n\t\t\t\t\t<button class=\"elementor-button elementor-size-sm\" type=\"submit\">\n\t\t\t\t\t\t<span class=\"elementor-button-content-wrapper\">\n\t\t\t\t\t\t\t\t\t\t\t\t\t\t\t\t\t\t\t\t\t\t<span class=\"elementor-button-text\">Enviar<\/span>\n\t\t\t\t\t\t\t\t\t\t\t\t\t<\/span>\n\t\t\t\t\t<\/button>\n\t\t\t\t<\/div>\n\t\t\t<\/div>\n\t\t<\/form>\n\t\t\t\t\t\t<\/div>\n\t\t\t\t<\/div>\n\t\t\t\t\t<\/div>\n\t\t\t\t<\/div>\n\t\t\t\t<\/div>\n\t\t","protected":false},"excerpt":{"rendered":"<p>Contacto Nuestro equipo est\u00e1 preparado para trazar la ruta m\u00e1s eficiente para su empresa Inicie su Proyecto con Precisi\u00f3n y Solvencia Contactar \u00bfListo para el Pr\u00f3ximo Paso? Conectemos y Dise\u00f1emos su Soluci\u00f3n Industrial Deje de lado la incertidumbre y ponga sus desaf\u00edos en manos expertas. Nuestros Ingenieros est\u00e1 listo para aplicar un diagn\u00f3stico t\u00e9cnico y [&hellip;]<\/p>\n","protected":false},"author":1,"featured_media":0,"parent":0,"menu_order":0,"comment_status":"closed","ping_status":"closed","template":"","meta":{"footnotes":""},"class_list":["post-28","page","type-page","status-publish","hentry"],"yoast_head":"<!-- This site is optimized with the Yoast SEO plugin v26.7 - https:\/\/yoast.com\/wordpress\/plugins\/seo\/ -->\n<title>Contacto - AIP Ingenieros<\/title>\n<meta name=\"robots\" content=\"index, follow, max-snippet:-1, max-image-preview:large, max-video-preview:-1\" \/>\n<link rel=\"canonical\" href=\"https:\/\/aipingenieros.com\/index.php\/contacto\/\" \/>\n<meta property=\"og:locale\" content=\"es_ES\" \/>\n<meta property=\"og:type\" content=\"article\" \/>\n<meta property=\"og:title\" content=\"Contacto - AIP Ingenieros\" \/>\n<meta property=\"og:description\" content=\"Contacto Nuestro equipo est\u00e1 preparado para trazar la ruta m\u00e1s eficiente para su empresa Inicie su Proyecto con Precisi\u00f3n y Solvencia Contactar \u00bfListo para el Pr\u00f3ximo Paso? Conectemos y Dise\u00f1emos su Soluci\u00f3n Industrial Deje de lado la incertidumbre y ponga sus desaf\u00edos en manos expertas. Nuestros Ingenieros est\u00e1 listo para aplicar un diagn\u00f3stico t\u00e9cnico y [&hellip;]\" \/>\n<meta property=\"og:url\" content=\"https:\/\/aipingenieros.com\/index.php\/contacto\/\" \/>\n<meta property=\"og:site_name\" content=\"AIP Ingenieros\" \/>\n<meta property=\"article:modified_time\" content=\"2025-11-25T19:46:46+00:00\" \/>\n<meta property=\"og:image\" content=\"https:\/\/aipingenieros.com\/wp-content\/uploads\/2025\/11\/Ingeniero-civil-ingenieria-civil-estudiar-ingenieria-civil.png\" \/>\n\t<meta property=\"og:image:width\" content=\"981\" \/>\n\t<meta property=\"og:image:height\" content=\"595\" \/>\n\t<meta property=\"og:image:type\" content=\"image\/png\" \/>\n<meta name=\"twitter:card\" content=\"summary_large_image\" \/>\n<meta name=\"twitter:label1\" content=\"Tiempo de lectura\" \/>\n\t<meta name=\"twitter:data1\" content=\"1 minuto\" \/>\n<script type=\"application\/ld+json\" class=\"yoast-schema-graph\">{\"@context\":\"https:\/\/schema.org\",\"@graph\":[{\"@type\":\"WebPage\",\"@id\":\"https:\/\/aipingenieros.com\/index.php\/contacto\/\",\"url\":\"https:\/\/aipingenieros.com\/index.php\/contacto\/\",\"name\":\"Contacto - AIP Ingenieros\",\"isPartOf\":{\"@id\":\"https:\/\/aipingenieros.com\/#website\"},\"primaryImageOfPage\":{\"@id\":\"https:\/\/aipingenieros.com\/index.php\/contacto\/#primaryimage\"},\"image\":{\"@id\":\"https:\/\/aipingenieros.com\/index.php\/contacto\/#primaryimage\"},\"thumbnailUrl\":\"https:\/\/aipingenieros.com\/wp-content\/uploads\/2025\/11\/Ingeniero-civil-ingenieria-civil-estudiar-ingenieria-civil.png\",\"datePublished\":\"2025-11-15T19:25:49+00:00\",\"dateModified\":\"2025-11-25T19:46:46+00:00\",\"breadcrumb\":{\"@id\":\"https:\/\/aipingenieros.com\/index.php\/contacto\/#breadcrumb\"},\"inLanguage\":\"es\",\"potentialAction\":[{\"@type\":\"ReadAction\",\"target\":[\"https:\/\/aipingenieros.com\/index.php\/contacto\/\"]}]},{\"@type\":\"ImageObject\",\"inLanguage\":\"es\",\"@id\":\"https:\/\/aipingenieros.com\/index.php\/contacto\/#primaryimage\",\"url\":\"https:\/\/aipingenieros.com\/wp-content\/uploads\/2025\/11\/Ingeniero-civil-ingenieria-civil-estudiar-ingenieria-civil.png\",\"contentUrl\":\"https:\/\/aipingenieros.com\/wp-content\/uploads\/2025\/11\/Ingeniero-civil-ingenieria-civil-estudiar-ingenieria-civil.png\",\"width\":981,\"height\":595},{\"@type\":\"BreadcrumbList\",\"@id\":\"https:\/\/aipingenieros.com\/index.php\/contacto\/#breadcrumb\",\"itemListElement\":[{\"@type\":\"ListItem\",\"position\":1,\"name\":\"Portada\",\"item\":\"https:\/\/aipingenieros.com\/\"},{\"@type\":\"ListItem\",\"position\":2,\"name\":\"Contacto\"}]},{\"@type\":\"WebSite\",\"@id\":\"https:\/\/aipingenieros.com\/#website\",\"url\":\"https:\/\/aipingenieros.com\/\",\"name\":\"AIP Ingenieros\",\"description\":\"\",\"potentialAction\":[{\"@type\":\"SearchAction\",\"target\":{\"@type\":\"EntryPoint\",\"urlTemplate\":\"https:\/\/aipingenieros.com\/?s={search_term_string}\"},\"query-input\":{\"@type\":\"PropertyValueSpecification\",\"valueRequired\":true,\"valueName\":\"search_term_string\"}}],\"inLanguage\":\"es\"}]}<\/script>\n<!-- \/ Yoast SEO plugin. -->","yoast_head_json":{"title":"Contacto - AIP Ingenieros","robots":{"index":"index","follow":"follow","max-snippet":"max-snippet:-1","max-image-preview":"max-image-preview:large","max-video-preview":"max-video-preview:-1"},"canonical":"https:\/\/aipingenieros.com\/index.php\/contacto\/","og_locale":"es_ES","og_type":"article","og_title":"Contacto - AIP Ingenieros","og_description":"Contacto Nuestro equipo est\u00e1 preparado para trazar la ruta m\u00e1s eficiente para su empresa Inicie su Proyecto con Precisi\u00f3n y Solvencia Contactar \u00bfListo para el Pr\u00f3ximo Paso? Conectemos y Dise\u00f1emos su Soluci\u00f3n Industrial Deje de lado la incertidumbre y ponga sus desaf\u00edos en manos expertas. Nuestros Ingenieros est\u00e1 listo para aplicar un diagn\u00f3stico t\u00e9cnico y [&hellip;]","og_url":"https:\/\/aipingenieros.com\/index.php\/contacto\/","og_site_name":"AIP Ingenieros","article_modified_time":"2025-11-25T19:46:46+00:00","og_image":[{"width":981,"height":595,"url":"https:\/\/aipingenieros.com\/wp-content\/uploads\/2025\/11\/Ingeniero-civil-ingenieria-civil-estudiar-ingenieria-civil.png","type":"image\/png"}],"twitter_card":"summary_large_image","twitter_misc":{"Tiempo de lectura":"1 minuto"},"schema":{"@context":"https:\/\/schema.org","@graph":[{"@type":"WebPage","@id":"https:\/\/aipingenieros.com\/index.php\/contacto\/","url":"https:\/\/aipingenieros.com\/index.php\/contacto\/","name":"Contacto - AIP Ingenieros","isPartOf":{"@id":"https:\/\/aipingenieros.com\/#website"},"primaryImageOfPage":{"@id":"https:\/\/aipingenieros.com\/index.php\/contacto\/#primaryimage"},"image":{"@id":"https:\/\/aipingenieros.com\/index.php\/contacto\/#primaryimage"},"thumbnailUrl":"https:\/\/aipingenieros.com\/wp-content\/uploads\/2025\/11\/Ingeniero-civil-ingenieria-civil-estudiar-ingenieria-civil.png","datePublished":"2025-11-15T19:25:49+00:00","dateModified":"2025-11-25T19:46:46+00:00","breadcrumb":{"@id":"https:\/\/aipingenieros.com\/index.php\/contacto\/#breadcrumb"},"inLanguage":"es","potentialAction":[{"@type":"ReadAction","target":["https:\/\/aipingenieros.com\/index.php\/contacto\/"]}]},{"@type":"ImageObject","inLanguage":"es","@id":"https:\/\/aipingenieros.com\/index.php\/contacto\/#primaryimage","url":"https:\/\/aipingenieros.com\/wp-content\/uploads\/2025\/11\/Ingeniero-civil-ingenieria-civil-estudiar-ingenieria-civil.png","contentUrl":"https:\/\/aipingenieros.com\/wp-content\/uploads\/2025\/11\/Ingeniero-civil-ingenieria-civil-estudiar-ingenieria-civil.png","width":981,"height":595},{"@type":"BreadcrumbList","@id":"https:\/\/aipingenieros.com\/index.php\/contacto\/#breadcrumb","itemListElement":[{"@type":"ListItem","position":1,"name":"Portada","item":"https:\/\/aipingenieros.com\/"},{"@type":"ListItem","position":2,"name":"Contacto"}]},{"@type":"WebSite","@id":"https:\/\/aipingenieros.com\/#website","url":"https:\/\/aipingenieros.com\/","name":"AIP Ingenieros","description":"","potentialAction":[{"@type":"SearchAction","target":{"@type":"EntryPoint","urlTemplate":"https:\/\/aipingenieros.com\/?s={search_term_string}"},"query-input":{"@type":"PropertyValueSpecification","valueRequired":true,"valueName":"search_term_string"}}],"inLanguage":"es"}]}},"_links":{"self":[{"href":"https:\/\/aipingenieros.com\/index.php\/wp-json\/wp\/v2\/pages\/28","targetHints":{"allow":["GET"]}}],"collection":[{"href":"https:\/\/aipingenieros.com\/index.php\/wp-json\/wp\/v2\/pages"}],"about":[{"href":"https:\/\/aipingenieros.com\/index.php\/wp-json\/wp\/v2\/types\/page"}],"author":[{"embeddable":true,"href":"https:\/\/aipingenieros.com\/index.php\/wp-json\/wp\/v2\/users\/1"}],"replies":[{"embeddable":true,"href":"https:\/\/aipingenieros.com\/index.php\/wp-json\/wp\/v2\/comments?post=28"}],"version-history":[{"count":109,"href":"https:\/\/aipingenieros.com\/index.php\/wp-json\/wp\/v2\/pages\/28\/revisions"}],"predecessor-version":[{"id":1234,"href":"https:\/\/aipingenieros.com\/index.php\/wp-json\/wp\/v2\/pages\/28\/revisions\/1234"}],"wp:attachment":[{"href":"https:\/\/aipingenieros.com\/index.php\/wp-json\/wp\/v2\/media?parent=28"}],"curies":[{"name":"wp","href":"https:\/\/api.w.org\/{rel}","templated":true}]}}